{"id":368,"date":"2019-06-11T10:43:51","date_gmt":"2019-06-11T09:43:51","guid":{"rendered":"http:\/\/www.mikiyui.com\/fluxproject\/flux\/?page_id=368"},"modified":"2020-06-16T19:23:43","modified_gmt":"2020-06-16T18:23:43","slug":"flux-project-projeto","status":"publish","type":"page","link":"http:\/\/www.fluxproject.net\/?page_id=368","title":{"rendered":"FLUX project \/ Projeto FLUX"},"content":{"rendered":"\n<p><a href=\"#en\">[en]<\/a>&nbsp;\/ <a href=\"#pt\">[pt]<\/a><a name=\"en\"><\/a><\/p>\n\n\n\n<figure class=\"wp-block-image\"><img decoding=\"async\" loading=\"lazy\" width=\"1024\" height=\"576\" src=\"http:\/\/www.fluxproject.net\/wp-content\/uploads\/2019\/09\/LANDSCAPE_7-1024x576.jpg\" alt=\"\" class=\"wp-image-780\" srcset=\"http:\/\/www.fluxproject.net\/wp-content\/uploads\/2019\/09\/LANDSCAPE_7-1024x576.jpg 1024w, http:\/\/www.fluxproject.net\/wp-content\/uploads\/2019\/09\/LANDSCAPE_7-300x169.jpg 300w, http:\/\/www.fluxproject.net\/wp-content\/uploads\/2019\/09\/LANDSCAPE_7-768x432.jpg 768w, http:\/\/www.fluxproject.net\/wp-content\/uploads\/2019\/09\/LANDSCAPE_7.jpg 1920w\" sizes=\"(max-width: 1024px) 100vw, 1024px\" \/><\/figure>\n\n\n\n<p class=\"has-small-font-size\">_en<br>The flux-project is an artistic collaboration by <a href=\"http:\/\/www.fluxproject.net\/?p=217\">Nathalia Favaro <\/a>and <a href=\"http:\/\/www.fluxproject.net\/?p=215\">Miki Yui.<\/a><\/p>\n\n\n\n<p class=\"has-small-font-size\">We organise an event combining the screening of the film FLUX with lecture, talk or workshop by local experts on issues related to ecology and sustainability. The event aims to offer inspiration and practical knowledge as well as examples of different approaches towards climate change. <\/p>\n\n\n\n<p class=\"has-small-font-size\">Regarding climate change, deforestation, local communities, Amazon Rainforest, food production and consumption, the film is an open proposal to audience, inviting for further discussion. The sensitive and creative approach towards these issues makes the climate change tangible. It supports audience to feel, think and take action in their own way.  <\/p>\n\n\n\n<p class=\"has-small-font-size\">The goal is to raise awareness and bring people together to learn how to deal with our life on earth, to share ideas and encourage individuals to find their way to create a more sustainable society. The action of individuals lead in the sum to a greater result towards transformation of the global society. Such approach makes difference in the longer term, achieving long lasting commitment which is essential for the ecological issue.  <\/p>\n\n\n\n<p class=\"has-small-font-size\">This website is an ongoing archive of the events and collaborators, it serves as a sharing platform of useful knowledge and inspiration. <a name=\"pt\"><\/a><\/p>\n\n\n\n<figure class=\"wp-block-image\"><img decoding=\"async\" loading=\"lazy\" width=\"1024\" height=\"576\" src=\"http:\/\/www.fluxproject.net\/wp-content\/uploads\/2019\/09\/LANDSCAPE_5-1024x576.jpg\" alt=\"\" class=\"wp-image-779\" srcset=\"http:\/\/www.fluxproject.net\/wp-content\/uploads\/2019\/09\/LANDSCAPE_5-1024x576.jpg 1024w, http:\/\/www.fluxproject.net\/wp-content\/uploads\/2019\/09\/LANDSCAPE_5-300x169.jpg 300w, http:\/\/www.fluxproject.net\/wp-content\/uploads\/2019\/09\/LANDSCAPE_5-768x432.jpg 768w, http:\/\/www.fluxproject.net\/wp-content\/uploads\/2019\/09\/LANDSCAPE_5.jpg 1920w\" sizes=\"(max-width: 1024px) 100vw, 1024px\" \/><\/figure>\n\n\n\n<p class=\"has-small-font-size\">_pt<br>O Projeto Flux \u00e9 uma colabora\u00e7\u00e3o art\u00edstica de <a href=\"http:\/\/www.fluxproject.net\/?p=217\">Nathalia Favaro <\/a>e <a href=\"http:\/\/www.fluxproject.net\/?p=215\">Miki Yui.<\/a><\/p>\n\n\n\n<p class=\"has-small-font-size\">Organizamos um evento que combina a exibi\u00e7\u00e3o do filme FLUX com uma palestra, uma conversa ou um workshop guiado por especialistas locais sobre quest\u00f5es relacionadas \u00e0 ecologia e sustentabilidade. O evento tem como objetivo oferecer inspira\u00e7\u00e3o e conhecimento pr\u00e1tico, bem como exemplos de diferentes abordagens em rela\u00e7\u00e3o \u00e0s mudan\u00e7as clim\u00e1ticas. <\/p>\n\n\n\n<p class=\"has-small-font-size\">Considerando aquecimento global, desmatamento, comunidades locais, Floresta Amaz\u00f4nica, produ\u00e7\u00e3o e consumo de alimentos, o filme \u00e9 uma proposta aberta ao p\u00fablico, convidando a uma discuss\u00e3o mais aprofundada. A abordagem sens\u00edvel e criativa em rela\u00e7\u00e3o a essas quest\u00f5es torna tang\u00edvel uma compreens\u00e3o desses assuntos. Ele convida o p\u00fablico a sentir, pensar e agir \u00e0 sua maneira.<\/p>\n\n\n\n<p class=\"has-small-font-size\">O objetivo \u00e9 aumentar a conscientiza\u00e7\u00e3o e unir as pessoas para aprender a lidar com a nossa vida na Terra, compartilhar ideias e incentivar as pessoas a encontrar o caminho para criar uma sociedade mais sustent\u00e1vel. A a\u00e7\u00e3o dos indiv\u00edduos leva, em suma, a um resultado maior em dire\u00e7\u00e3o \u00e0 transforma\u00e7\u00e3o da sociedade global. Essa abordagem faz diferen\u00e7a a longo prazo, alcan\u00e7ando um compromisso duradouro, essencial para a quest\u00e3o ecol\u00f3gica.<\/p>\n\n\n\n<p class=\"has-small-font-size\">Este site \u00e9 um arquivo cont\u00ednuo dos eventos e colaboradores, serve como uma plataforma de compartilhamento de conhecimento e inspira\u00e7\u00e3o.<\/p>\n","protected":false},"excerpt":{"rendered":"<p>[en]&nbsp;\/ [pt] _enThe flux-project is an artistic collaboration by Nathalia Favaro and Miki Yui. We organise an event combining the screening of the film FLUX with lecture, talk or workshop by local experts on issues related to ecology and sustainability. The event aims to offer inspiration and practical knowledge as well as examples of different&hellip;<\/p>\n","protected":false},"author":2,"featured_media":0,"parent":0,"menu_order":0,"comment_status":"closed","ping_status":"closed","template":"","meta":{"ngg_post_thumbnail":0},"_links":{"self":[{"href":"http:\/\/www.fluxproject.net\/index.php?rest_route=\/wp\/v2\/pages\/368"}],"collection":[{"href":"http:\/\/www.fluxproject.net\/index.php?rest_route=\/wp\/v2\/pages"}],"about":[{"href":"http:\/\/www.fluxproject.net\/index.php?rest_route=\/wp\/v2\/types\/page"}],"author":[{"embeddable":true,"href":"http:\/\/www.fluxproject.net\/index.php?rest_route=\/wp\/v2\/users\/2"}],"replies":[{"embeddable":true,"href":"http:\/\/www.fluxproject.net\/index.php?rest_route=%2Fwp%2Fv2%2Fcomments&post=368"}],"version-history":[{"count":30,"href":"http:\/\/www.fluxproject.net\/index.php?rest_route=\/wp\/v2\/pages\/368\/revisions"}],"predecessor-version":[{"id":861,"href":"http:\/\/www.fluxproject.net\/index.php?rest_route=\/wp\/v2\/pages\/368\/revisions\/861"}],"wp:attachment":[{"href":"http:\/\/www.fluxproject.net\/index.php?rest_route=%2Fwp%2Fv2%2Fmedia&parent=368"}],"curies":[{"name":"wp","href":"https:\/\/api.w.org\/{rel}","templated":true}]}}