{"id":366,"date":"2019-06-11T10:43:51","date_gmt":"2019-06-11T09:43:51","guid":{"rendered":"http:\/\/www.mikiyui.com\/fluxproject\/flux\/?page_id=366"},"modified":"2019-06-12T10:37:45","modified_gmt":"2019-06-12T09:37:45","slug":"map-mapa","status":"publish","type":"page","link":"http:\/\/www.fluxproject.net\/?page_id=366","title":{"rendered":"map\/mapa"},"content":{"rendered":"<!-- vision begin -->\n<div class=\"vision-map vision-map-1\"data-json-src=\"http:\/\/www.fluxproject.net\/wp-content\/uploads\/vision\/1\/config.json?ver=1706009784\" data-item-id=\"1\" tabindex=\"1\" style=\"display:none;\" >\n<div class=\"vision-store\">\n<div class=\"vision-layers-data\">\n<div class=\"vision-layer\" data-layer-id=\"48b6a1c1\"><\/div>\n<div class=\"vision-layer\" data-layer-id=\"f77007d2\"><\/div>\n<div class=\"vision-layer\" data-layer-id=\"41bc5da8\"><\/div>\n<div class=\"vision-layer\" data-layer-id=\"be207ae4\"><\/div>\n<div class=\"vision-layer\" data-layer-id=\"a128d266\"><\/div>\n<div class=\"vision-layer\" data-layer-id=\"3bdb7bdb\"><\/div>\n<div class=\"vision-layer\" data-layer-id=\"1882c0ad\"><\/div>\n<div class=\"vision-layer\" data-layer-id=\"401ef050\"><\/div>\n<div class=\"vision-layer\" data-layer-id=\"f350dce6\"><\/div>\n<div class=\"vision-layer\" data-layer-id=\"a93409dc\"><\/div>\n<div class=\"vision-layer\" data-layer-id=\"cc821ad4\"><\/div>\n<div class=\"vision-layer\" data-layer-id=\"544f00cc\"><\/div>\n<div class=\"vision-layer\" data-layer-id=\"31cd08ad\"><\/div>\n<div class=\"vision-layer\" data-layer-id=\"f2b0bcf3\"><\/div>\n<div class=\"vision-layer\" data-layer-id=\"691cbcf5\"><\/div>\n<div class=\"vision-layer\" data-layer-id=\"d68ab5b6\"><\/div>\n<div class=\"vision-layer\" data-layer-id=\"569066c8\"><\/div>\n<\/div>\n<div class=\"vision-tooltips-data\">\n<div class=\"vision-data\" data-layer-id=\"48b6a1c1\"><p>Art Museum, Bogota<\/p><\/div>\n<div class=\"vision-data\" data-layer-id=\"f77007d2\"><p>Goethe Institute S\u00e3o Paulo<\/p><\/div>\n<div class=\"vision-data\" data-layer-id=\"41bc5da8\"><p>Casa L\u00edquida<\/p><\/div>\n<div class=\"vision-data\" data-layer-id=\"be207ae4\"><p>VAO S\u00e3o Paulo<\/p><\/div>\n<div class=\"vision-data\" data-layer-id=\"a128d266\"><p>A42 Rio de Janeiro<\/p><\/div>\n<div class=\"vision-data\" data-layer-id=\"3bdb7bdb\"><p>Virada sustent\u00e1vel Rio de Janeiro<\/p><\/div>\n<div class=\"vision-data\" data-layer-id=\"1882c0ad\"><p>Virada sustent\u00e1vel Fortaleza<\/p><\/div>\n<div class=\"vision-data\" data-layer-id=\"401ef050\"><p>Berger Kirche, D\u00fcsseldorf<\/p><\/div>\n<div class=\"vision-data\" data-layer-id=\"f350dce6\"><p>Theater der Welt Festival, D\u00fcsseldorf<\/p>\n<p>\u00a0<\/p><\/div>\n<div class=\"vision-data\" data-layer-id=\"a93409dc\"><p>Fr\u00fchlingserwachen! Koesk Munich<\/p>\n<p>\u00a0<\/p><\/div>\n<div class=\"vision-data\" data-layer-id=\"cc821ad4\"><p>Amada Verde at Haus am L\u00fctzowplatz Berlin<\/p>\n<p>\u00a0<\/p><\/div>\n<div class=\"vision-data\" data-layer-id=\"544f00cc\"><p><img class=\"alignnone size-medium wp-image-1000\" src=\"http:\/\/www.fluxproject.net\/wp-content\/uploads\/2024\/01\/AdK_Flux-258x300.jpg\" alt=\"\" width=\"258\" height=\"300\" \/><\/p><\/div>\n<div class=\"vision-data\" data-layer-id=\"31cd08ad\"><p>Seanaps Festival Leipzig<\/p>\n<p>\u00a0<\/p>\n<p>\u00a0<\/p><\/div>\n<div class=\"vision-data\" data-layer-id=\"f2b0bcf3\"><p>Montessori Schule D\u00fcsseldorf<\/p><\/div>\n<div class=\"vision-data\" data-layer-id=\"691cbcf5\"><p>Studio f\u00fcr elementare Zusammenh\u00e4nge, D\u00fcsseldorf<\/p><\/div>\n<div class=\"vision-data\" data-layer-id=\"d68ab5b6\"><p>Goethe-Institut Finnland<\/p><\/div>\n<div class=\"vision-data\" data-layer-id=\"569066c8\"><p>Jan van Eyck academie Maarstricht<\/p><\/div>\n<\/div>\n<div class=\"vision-popovers-data\">\n<div class=\"vision-data\" data-layer-id=\"48b6a1c1\"><\/div>\n<div class=\"vision-data\" data-layer-id=\"f77007d2\"><\/div>\n<div class=\"vision-data\" data-layer-id=\"41bc5da8\"><\/div>\n<div class=\"vision-data\" data-layer-id=\"be207ae4\"><\/div>\n<div class=\"vision-data\" data-layer-id=\"a128d266\"><\/div>\n<div class=\"vision-data\" data-layer-id=\"3bdb7bdb\"><\/div>\n<div class=\"vision-data\" data-layer-id=\"1882c0ad\"><\/div>\n<div class=\"vision-data\" data-layer-id=\"401ef050\"><\/div>\n<div class=\"vision-data\" data-layer-id=\"f350dce6\"><\/div>\n<div class=\"vision-data\" data-layer-id=\"a93409dc\"><\/div>\n<div class=\"vision-data\" data-layer-id=\"cc821ad4\"><\/div>\n<div class=\"vision-data\" data-layer-id=\"544f00cc\"><\/div>\n<div class=\"vision-data\" data-layer-id=\"31cd08ad\"><\/div>\n<div class=\"vision-data\" data-layer-id=\"f2b0bcf3\"><\/div>\n<div class=\"vision-data\" data-layer-id=\"691cbcf5\"><\/div>\n<div class=\"vision-data\" data-layer-id=\"d68ab5b6\"><\/div>\n<div class=\"vision-data\" data-layer-id=\"569066c8\"><\/div>\n<\/div>\n<\/div>\n<\/div>\n<!-- vision end -->\n\n","protected":false},"excerpt":{"rendered":"","protected":false},"author":2,"featured_media":0,"parent":0,"menu_order":0,"comment_status":"closed","ping_status":"closed","template":"page-templates\/fullscreen-page.php","meta":{"ngg_post_thumbnail":0},"_links":{"self":[{"href":"http:\/\/www.fluxproject.net\/index.php?rest_route=\/wp\/v2\/pages\/366"}],"collection":[{"href":"http:\/\/www.fluxproject.net\/index.php?rest_route=\/wp\/v2\/pages"}],"about":[{"href":"http:\/\/www.fluxproject.net\/index.php?rest_route=\/wp\/v2\/types\/page"}],"author":[{"embeddable":true,"href":"http:\/\/www.fluxproject.net\/index.php?rest_route=\/wp\/v2\/users\/2"}],"replies":[{"embeddable":true,"href":"http:\/\/www.fluxproject.net\/index.php?rest_route=%2Fwp%2Fv2%2Fcomments&post=366"}],"version-history":[{"count":5,"href":"http:\/\/www.fluxproject.net\/index.php?rest_route=\/wp\/v2\/pages\/366\/revisions"}],"predecessor-version":[{"id":568,"href":"http:\/\/www.fluxproject.net\/index.php?rest_route=\/wp\/v2\/pages\/366\/revisions\/568"}],"wp:attachment":[{"href":"http:\/\/www.fluxproject.net\/index.php?rest_route=%2Fwp%2Fv2%2Fmedia&parent=366"}],"curies":[{"name":"wp","href":"https:\/\/api.w.org\/{rel}","templated":true}]}}